{"id":18,"date":"2016-10-21T09:43:57","date_gmt":"2016-10-21T09:43:57","guid":{"rendered":"http:\/\/vieregg.com\/?page_id=18"},"modified":"2024-09-07T17:03:59","modified_gmt":"2024-09-07T17:03:59","slug":"galerie","status":"publish","type":"page","link":"https:\/\/vieregg.com\/?page_id=18","title":{"rendered":"Galerie"},"content":{"rendered":"<p>[et_pb_section fb_built=&#8220;1&#8243; _builder_version=&#8220;3.22&#8243; global_colors_info=&#8220;{}&#8220;][et_pb_row column_structure=&#8220;1_2,1_2&#8243; module_class=&#8220; et_pb_row_fullwidth&#8220; _builder_version=&#8220;4.9.11&#8243; background_color=&#8220;#FFFFFF&#8220; width=&#8220;89%&#8220; width_tablet=&#8220;80%&#8220; width_phone=&#8220;&#8220; width_last_edited=&#8220;on|desktop&#8220; max_width=&#8220;89%&#8220; max_width_tablet=&#8220;80%&#8220; max_width_phone=&#8220;&#8220; max_width_last_edited=&#8220;on|desktop&#8220; module_alignment=&#8220;center&#8220; custom_padding=&#8220;|20px||20px&#8220; make_fullwidth=&#8220;on&#8220; global_colors_info=&#8220;{}&#8220;][et_pb_column type=&#8220;1_2&#8243; _builder_version=&#8220;3.25&#8243; background_color=&#8220;#7c7c7c&#8220; custom_padding=&#8220;|||&#8220; global_colors_info=&#8220;{}&#8220; custom_padding__hover=&#8220;|||&#8220;][et_pb_image src=&#8220;https:\/\/vieregg.com\/wp-content\/uploads\/2024\/06\/IMG_3265-scaled.jpg&#8220; title_text=&#8220;Atelierraum&#8220; _builder_version=&#8220;4.9.11&#8243; _module_preset=&#8220;default&#8220; global_colors_info=&#8220;{}&#8220;][\/et_pb_image][\/et_pb_column][et_pb_column type=&#8220;1_2&#8243; _builder_version=&#8220;3.25&#8243; background_color=&#8220;#7c7c7c&#8220; custom_padding=&#8220;|||&#8220; global_colors_info=&#8220;{}&#8220; custom_padding__hover=&#8220;|||&#8220;][et_pb_image src=&#8220;https:\/\/vieregg.com\/wp-content\/uploads\/2024\/06\/IMG_3264-scaled.jpg&#8220; title_text=&#8220;Atelierraum_2&#8243; _builder_version=&#8220;4.9.11&#8243; _module_preset=&#8220;default&#8220; hover_enabled=&#8220;0&#8243; global_colors_info=&#8220;{}&#8220; sticky_enabled=&#8220;0&#8243;][\/et_pb_image][\/et_pb_column][\/et_pb_row][et_pb_row _builder_version=&#8220;4.9.11&#8243; background_color=&#8220;#FFFFFF&#8220; global_colors_info=&#8220;{}&#8220;][et_pb_column type=&#8220;4_4&#8243; _builder_version=&#8220;3.25&#8243; custom_padding=&#8220;|||&#8220; global_colors_info=&#8220;{}&#8220; custom_padding__hover=&#8220;|||&#8220;][et_pb_text _builder_version=&#8220;4.9.11&#8243; background_color=&#8220;#2de0ed&#8220; text_orientation=&#8220;center&#8220; background_layout=&#8220;dark&#8220; module_alignment=&#8220;center&#8220; custom_padding=&#8220;10px|10px|10px|10px&#8220; border_style=&#8220;solid&#8220; global_colors_info=&#8220;{}&#8220;]<\/p>\n<h1 style=\"text-align: center;\"><strong>Kunstwerke aus dem Atelier, die Sie begeistern werden<\/strong><\/h1>\n<p>&nbsp;<\/p>\n<p style=\"text-align: center;\"><span style=\"color: #333333;\"><strong>Sie finden hier abstrakte Kunst direkt aus meinem Atelier in bester Qualit\u00e4t<br \/><\/strong><strong>ausschlie\u00dflich Unikate<br \/><\/strong><strong>alle Kunstwerke&nbsp; mit Echtheitszertifikat und -stempel<br \/><\/strong><\/span><\/p>\n<p>&nbsp;<\/p>\n<h3 style=\"text-align: center;\"><strong>Ihr Traumbild wird Realit\u00e4t<\/strong><\/h3>\n<p>&nbsp;<\/p>\n<p>&nbsp;<\/p>\n<p>&nbsp;<\/p>\n<h2 style=\"text-align: center;\"><span style=\"color: #000080;\"><strong><a style=\"color: #000080;\" title=\"Online-Ausstellung\" href=\"https:\/\/vieregg.com\/?p=2017\" target=\"_blank\" rel=\"noopener\">3D Onlineausstellung mit Beispielen<\/a><\/strong><\/span><\/h2>\n<p>[\/et_pb_text][et_pb_image src=&#8220;https:\/\/vieregg.com\/wp-content\/uploads\/2024\/06\/P4120015_aa.jpg&#8220; title_text=&#8220;Atelier_2&#8243; align=&#8220;center&#8220; _builder_version=&#8220;4.9.11&#8243; _module_preset=&#8220;default&#8220; background_color=&#8220;RGBA(0,0,0,0)&#8220; width=&#8220;32%&#8220; max_width=&#8220;32%&#8220; border_style_all=&#8220;none&#8220; global_colors_info=&#8220;{}&#8220;][\/et_pb_image][\/et_pb_column][\/et_pb_row][\/et_pb_section]<\/p>\n","protected":false},"excerpt":{"rendered":"<p>Kunstwerke aus dem Atelier, die Sie begeistern werden &nbsp; Sie finden hier abstrakte Kunst direkt aus meinem Atelier in bester Qualit\u00e4tausschlie\u00dflich Unikatealle Kunstwerke&nbsp; mit Echtheitszertifikat und -stempel &nbsp; Ihr Traumbild wird Realit\u00e4t &nbsp; &nbsp; &nbsp; 3D Onlineausstellung mit Beispielen<\/p>\n","protected":false},"author":1,"featured_media":0,"parent":0,"menu_order":0,"comment_status":"closed","ping_status":"closed","template":"","meta":{"_et_pb_use_builder":"on","_et_pb_old_content":"<p><strong>Farbraum<\/strong><\/p><p>[ngg_images source=\"galleries\" container_ids=\"1\" exclusions=\"4,40\" display_type=\"photocrati-nextgen_basic_thumbnails\" override_thumbnail_settings=\"0\" thumbnail_width=\"240\" thumbnail_height=\"160\" thumbnail_crop=\"1\" images_per_page=\"30\" number_of_columns=\"7\" ajax_pagination=\"0\" show_all_in_lightbox=\"0\" use_imagebrowser_effect=\"0\" show_slideshow_link=\"1\" slideshow_link_text=\"[Zeige eine Slideshow]\" template=\"\/mnt\/web112\/c0\/96\/5225096\/htdocs\/WordPress_01\/wp-content\/plugins\/nextgen-gallery\/products\/photocrati_nextgen\/modules\/ngglegacy\/view\/gallery.php\" order_by=\"sortorder\" order_direction=\"ASC\" returns=\"included\" maximum_entity_count=\"500\"]<\/p><p><strong>Minimal Landscape<\/strong><\/p><p>[ngg_images source=\"galleries\" container_ids=\"2\" display_type=\"photocrati-nextgen_basic_thumbnails\" override_thumbnail_settings=\"0\" thumbnail_width=\"240\" thumbnail_height=\"160\" thumbnail_crop=\"1\" images_per_page=\"30\" number_of_columns=\"6\" ajax_pagination=\"0\" show_all_in_lightbox=\"0\" use_imagebrowser_effect=\"0\" show_slideshow_link=\"1\" slideshow_link_text=\"[Zeige eine Slideshow]\" template=\"\/mnt\/web112\/c0\/96\/5225096\/htdocs\/WordPress_01\/wp-content\/plugins\/nextgen-gallery\/products\/photocrati_nextgen\/modules\/ngglegacy\/view\/gallery.php\" order_by=\"sortorder\" order_direction=\"ASC\" returns=\"included\" maximum_entity_count=\"500\"]<\/p><p><strong>Wohnbeispiele<\/strong><\/p><p>[ngg_images source=\"galleries\" container_ids=\"3\" display_type=\"photocrati-nextgen_basic_thumbnails\" override_thumbnail_settings=\"0\" thumbnail_width=\"240\" thumbnail_height=\"160\" thumbnail_crop=\"1\" images_per_page=\"20\" number_of_columns=\"2\" ajax_pagination=\"0\" show_all_in_lightbox=\"0\" use_imagebrowser_effect=\"0\" show_slideshow_link=\"1\" slideshow_link_text=\"[Zeige eine Slideshow]\" template=\"\/mnt\/web112\/c0\/96\/5225096\/htdocs\/WordPress_01\/wp-content\/plugins\/nextgen-gallery\/products\/photocrati_nextgen\/modules\/ngglegacy\/view\/gallery.php\" order_by=\"sortorder\" order_direction=\"ASC\" returns=\"included\" maximum_entity_count=\"500\"]<\/p>","_et_gb_content_width":"","ngg_post_thumbnail":0,"footnotes":""},"class_list":["post-18","page","type-page","status-publish","hentry"],"aioseo_notices":[],"_links":{"self":[{"href":"https:\/\/vieregg.com\/index.php?rest_route=\/wp\/v2\/pages\/18","targetHints":{"allow":["GET"]}}],"collection":[{"href":"https:\/\/vieregg.com\/index.php?rest_route=\/wp\/v2\/pages"}],"about":[{"href":"https:\/\/vieregg.com\/index.php?rest_route=\/wp\/v2\/types\/page"}],"author":[{"embeddable":true,"href":"https:\/\/vieregg.com\/index.php?rest_route=\/wp\/v2\/users\/1"}],"replies":[{"embeddable":true,"href":"https:\/\/vieregg.com\/index.php?rest_route=%2Fwp%2Fv2%2Fcomments&post=18"}],"version-history":[{"count":85,"href":"https:\/\/vieregg.com\/index.php?rest_route=\/wp\/v2\/pages\/18\/revisions"}],"predecessor-version":[{"id":2595,"href":"https:\/\/vieregg.com\/index.php?rest_route=\/wp\/v2\/pages\/18\/revisions\/2595"}],"wp:attachment":[{"href":"https:\/\/vieregg.com\/index.php?rest_route=%2Fwp%2Fv2%2Fmedia&parent=18"}],"curies":[{"name":"wp","href":"https:\/\/api.w.org\/{rel}","templated":true}]}}